{"id":204192,"date":"2021-07-19T06:50:05","date_gmt":"2021-07-19T06:50:05","guid":{"rendered":"https:\/\/www.samimagine.com\/wmbs\/?page_id=204192"},"modified":"2021-07-31T16:04:28","modified_gmt":"2021-07-31T16:04:28","slug":"trabajo-de-fin-de-curso","status":"publish","type":"page","link":"https:\/\/www.samimagine.com\/wmbs\/trabajo-de-fin-de-curso\/","title":{"rendered":"TRABAJO DE FIN DE CURSO"},"content":{"rendered":"<p>[et_pb_section fb_built=&#8221;1&#8243; admin_label=&#8221;section&#8221; _builder_version=&#8221;4.9.7&#8243; background_enable_color=&#8221;off&#8221; background_image=&#8221;https:\/\/www.samimagine.com\/wmbs\/wp-content\/uploads\/2021\/07\/louis-comar-VXHZx1uzzo8-unsplash-scaled.jpg&#8221; custom_padding=&#8221;120px||411px|||&#8221; filter_hue_rotate=&#8221;159deg&#8221; filter_saturate=&#8221;0%&#8221; transparent_background=&#8221;off&#8221; make_fullwidth=&#8221;off&#8221; use_custom_width=&#8221;off&#8221; width_unit=&#8221;on&#8221;][\/et_pb_section][et_pb_section fb_built=&#8221;1&#8243; admin_label=&#8221;Section&#8221; _builder_version=&#8221;4.9.7&#8243; background_color=&#8221;gcid-021d966f-c4c5-4f9c-afde-b2476d9cf8db&#8221; custom_padding=&#8221;40px||0px||false|false&#8221; custom_css_main_element=&#8221;border-top: 2px solid rgba(12,113,195,0.3);&#8221; transparent_background=&#8221;off&#8221; make_fullwidth=&#8221;off&#8221; use_custom_width=&#8221;off&#8221; width_unit=&#8221;on&#8221; global_colors_info=&#8221;{%22gcid-48136a7a-a33e-46f1-a0ff-e672fb436c9b%22:%91%93,%22gcid-021d966f-c4c5-4f9c-afde-b2476d9cf8db%22:%91%22background_color%22%93}&#8221;][et_pb_row admin_label=&#8221;Row&#8221; _builder_version=&#8221;3.25&#8243; background_size=&#8221;initial&#8221; background_position=&#8221;top_left&#8221; background_repeat=&#8221;repeat&#8221;][et_pb_column type=&#8221;4_4&#8243; _builder_version=&#8221;3.25&#8243; custom_padding=&#8221;|||&#8221; custom_padding__hover=&#8221;|||&#8221;][et_pb_text _builder_version=&#8221;4.9.7&#8243; _module_preset=&#8221;default&#8221; header_font=&#8221;|700|||||||&#8221; header_text_align=&#8221;center&#8221; header_font_size=&#8221;32px&#8221; header_letter_spacing=&#8221;2px&#8221;]<\/p>\n<h1><span style=\"background-color: #ff8cf5; padding: 5px 30px;\">TRABAJO DE FIN DE CURSO<\/span><\/h1>\n<p>[\/et_pb_text][\/et_pb_column][\/et_pb_row][et_pb_row _builder_version=&#8221;4.9.7&#8243; _module_preset=&#8221;default&#8221; custom_padding=&#8221;17px|||||&#8221;][et_pb_column type=&#8221;4_4&#8243; _builder_version=&#8221;4.9.7&#8243; _module_preset=&#8221;default&#8221;][et_pb_text _builder_version=&#8221;4.9.7&#8243; _module_preset=&#8221;default&#8221; header_2_font=&#8221;|700|||||||&#8221; header_2_text_align=&#8221;center&#8221; header_2_font_size=&#8221;24px&#8221; header_2_letter_spacing=&#8221;2px&#8221; background_enable_image=&#8221;off&#8221; custom_margin=&#8221;0px||4px||false|false&#8221; custom_padding=&#8221;0px|||||&#8221; hover_enabled=&#8221;0&#8243; sticky_enabled=&#8221;0&#8243;]<\/p>\n<h2><span class=\"realistic-marker-highlight\">EMPIEZA A FORMAR PARTE DE LA INDUSTRIA<\/span><\/h2>\n<p>[\/et_pb_text][et_pb_text _builder_version=&#8221;4.9.7&#8243; _module_preset=&#8221;default&#8221; text_font_size=&#8221;16px&#8221; text_line_height=&#8221;1.2em&#8221; header_text_color=&#8221;#FFFFFF&#8221; header_2_font_size=&#8221;20px&#8221; custom_margin=&#8221;||7px|||&#8221; custom_padding=&#8221;||0px|||&#8221;]<\/p>\n<p class=\"p1\"><span class=\"s1\"><b><\/b><\/span><\/p>\n<h2 class=\"p1\"><span class=\"s1\"><b>DESCUBRE Y GRABA A UN\/A ARTISTA<br \/>HAZ SU PLAN DE MARKETING Y ORGANIZA UN CONCIERTO<\/b><\/span><\/h2>\n<ul class=\"ul1\">\n<li class=\"li1\"><span class=\"s2\"><\/span>Con el trabajo de fin de curso el alumnado se sentir\u00e1 parte da la industria de la m\u00fasica, empezando a\u00a0<b>desarrollar, desde cero, la carrera de un\/a artista<\/b>.<\/li>\n<li class=\"li1\"><span class=\"s2\"><\/span>El proyecto se realiza por\u00a0<b>equipos<\/b>, intentando buscar perfiles heterog\u00e9neos entre el alumnado para que puedan combinar sus habilidades, con el fin de hacer el mejor proyecto posible.<\/li>\n<li class=\"li1\"><span class=\"s2\"><\/span>Cada equipo contar\u00e1 con la mentor\u00eda de los departamentos de\u00a0<b>A&amp;R y marketing de Warner.<\/b><\/li>\n<li class=\"li1\"><span class=\"s2\"><\/span>Cada equipo deber\u00e1\u00a0<b>descubrir a un\/a artista<\/b>, grupo o solista, de cualquier g\u00e9nero.<\/li>\n<li class=\"li1\"><span class=\"s2\"><\/span><b>Negociar\u00e1n un contrato<\/b>\u00a0que permita al\/la artista grabar una canci\u00f3n, para lo cual los miembros del equipo deber\u00e1n empezar a relacionarse con el\u00a0<b>departamento jur\u00eddico de Warner<\/b>.<\/li>\n<li class=\"li1\"><span class=\"s2\"><\/span>Cada equipo recibir\u00e1 un\u00a0<b>presupuesto<\/b>\u00a0para llevar a cabo el proyecto (grabaci\u00f3n, videoclip, imagen, marketing, etc.), para lo que deber\u00e1 desarrollar un presupuesto y se relacionar\u00e1 con el\u00a0<b>departamento financiero<\/b>\u00a0de Warner.<\/li>\n<li class=\"li1\"><span class=\"s2\"><\/span><b>Grabar\u00e1n en los estudios de Warner Music<\/b>\u00a0la canci\u00f3n elegida.<\/li>\n<li class=\"li1\"><span class=\"s2\"><\/span><b>Grabar\u00e1n un videoclip<\/b>, har\u00e1n fotograf\u00edas o cualquier otro material promocional que consideren conveniente.<\/li>\n<li class=\"li1\"><span class=\"s2\"><\/span><b>Dise\u00f1ar\u00e1n un plan de marketing<\/b>\u00a0que presentar\u00e1n, junto a la canci\u00f3n grabada y dem\u00e1s material, ante una selecci\u00f3n del profesorado del curso.<\/li>\n<li class=\"li1\"><span class=\"s2\"><\/span>Esta presentaci\u00f3n, junto con los dem\u00e1s trabajos realizados durante el curso, determinar\u00e1 la\u00a0<b>nota final del alumno o de la alumna<\/b>.<\/li>\n<li class=\"li1\"><span class=\"s2\"><\/span>El equipo de A&amp;R de\u00a0<b>Warner Music elegir\u00e1 uno de los artistas<\/b>\u00a0y la canci\u00f3n grabada ser\u00e1\u00a0<b>lanzada por Warner Music<\/b>, con la ayuda del equipo que haya firmado al artista, durante su periodo de pr\u00e1cticas.<\/li>\n<\/ul>\n<p class=\"p2\"><span class=\"s1\"><b><\/b><\/span><\/p>\n<h1 class=\"p1\" style=\"text-align: center;\"><\/h1>\n<p class=\"p1\">[\/et_pb_text][et_pb_text _builder_version=&#8221;4.9.7&#8243; _module_preset=&#8221;default&#8221; header_2_font=&#8221;|700|||||||&#8221; header_2_text_align=&#8221;center&#8221; header_2_font_size=&#8221;24px&#8221; header_2_letter_spacing=&#8221;2px&#8221; background_enable_image=&#8221;off&#8221; custom_margin=&#8221;-13px||||false|false&#8221; custom_padding=&#8221;0px||14px|||&#8221; hover_enabled=&#8221;0&#8243; sticky_enabled=&#8221;0&#8243;]<\/p>\n<h2><span class=\"realistic-marker-highlight\">CONCIERTO FINAL DE CURSO<\/span><\/h2>\n<p>[\/et_pb_text][\/et_pb_column][\/et_pb_row][et_pb_row column_structure=&#8221;1_2,1_2&#8243; _builder_version=&#8221;4.9.7&#8243; _module_preset=&#8221;default&#8221; background_image=&#8221;https:\/\/www.samimagine.com\/wmbs\/wp-content\/uploads\/2021\/07\/raul-jimenez-NwLv9LfbpPU-unsplash.jpg&#8221; width=&#8221;100%&#8221; max_width=&#8221;100%&#8221; min_height=&#8221;547px&#8221;][et_pb_column type=&#8221;1_2&#8243; _builder_version=&#8221;4.9.7&#8243; _module_preset=&#8221;default&#8221;][\/et_pb_column][et_pb_column type=&#8221;1_2&#8243; _builder_version=&#8221;4.9.7&#8243; _module_preset=&#8221;default&#8221;][et_pb_text _builder_version=&#8221;4.9.7&#8243; _module_preset=&#8221;default&#8221; text_font_size=&#8221;16px&#8221; header_2_font_size=&#8221;24px&#8221; background_color=&#8221;gcid-0ddbf9bc-a058-453d-a588-03954feb09aa&#8221; custom_margin=&#8221;-50px||0px||false|false&#8221; custom_padding=&#8221;20px|20px|20px|20px|true|true&#8221; animation_direction=&#8221;top&#8221; hover_enabled=&#8221;0&#8243; global_colors_info=&#8221;{%22gcid-0ddbf9bc-a058-453d-a588-03954feb09aa%22:%91%22background_color%22%93}&#8221; sticky_enabled=&#8221;0&#8243;]<\/p>\n<h2><span class=\"realistic-marker-highlight\"><b>ORGANIZA UN CONCIERTO<\/b><\/span><\/h2>\n<p class=\"p1\" style=\"text-align: justify;\">El alumnado\u00a0<b>organizar\u00e1<\/b>, con la supervisi\u00f3n de sus tutores,\u00a0<b>un concierto<\/b>\u00a0en el que\u00a0<b>participar\u00e1n todos los\/as artistas<\/b>\u00a0que los\/as alumnos\/as hayan seleccionado.<\/p>\n<p class=\"p1\" style=\"text-align: justify;\">El concierto se llevar\u00e1 a cabo en el\u00a0<b>Teatro Pr\u00edncipe P\u00edo<\/b>. El alumnado vivir\u00e1 desde dentro la\u00a0<b>organizaci\u00f3n de un concierto<\/b>, conocer\u00e1 y desarrollar\u00e1 todos los roles que intervienen en la organizaci\u00f3n de un concierto abierto al p\u00fablico.<\/p>\n<p class=\"p1\" style=\"text-align: justify;\">Padres, familiares y amistades de los alumnos y las alumnas, y artistas podr\u00e1n disfrutar de un\u00a0<b>evento organizado cien por cien por el alumnado,<\/b>\u00a0culminando as\u00ed unos meses de aprendizaje pr\u00e1ctico y de inmersi\u00f3n en la industria discogr\u00e1fica y ya estar\u00e1n dispuestos para empezar las pr\u00e1cticas.<\/p>\n<p>[\/et_pb_text][\/et_pb_column][\/et_pb_row][\/et_pb_section][et_pb_section fb_built=&#8221;1&#8243; _builder_version=&#8221;4.9.7&#8243; _module_preset=&#8221;default&#8221; custom_margin=&#8221;0px||0px||false|false&#8221; custom_padding=&#8221;0px||0px||false|false&#8221; global_module=&#8221;204682&#8243; saved_tabs=&#8221;all&#8221;][et_pb_row column_structure=&#8221;1_6,1_6,1_6,1_6,1_6,1_6&#8243; _builder_version=&#8221;4.9.7&#8243; _module_preset=&#8221;default&#8221; background_color=&#8221;gcid-0ddbf9bc-a058-453d-a588-03954feb09aa&#8221; width=&#8221;100%&#8221; max_width=&#8221;100%&#8221; height=&#8221;66px&#8221; max_height=&#8221;100px&#8221; custom_margin=&#8221;0px||0px||false|false&#8221; custom_padding=&#8221;0px||0px||false|false&#8221; global_colors_info=&#8221;{%22gcid-78489ba4-6c22-4a4e-afe7-4d2ab2a8f935%22:%91%93,%22gcid-0ddbf9bc-a058-453d-a588-03954feb09aa%22:%91%22background_color%22%93}&#8221;][et_pb_column type=&#8221;1_6&#8243; _builder_version=&#8221;4.9.7&#8243; _module_preset=&#8221;default&#8221;][et_pb_image src=&#8221;https:\/\/www.samimagine.com\/wmbs\/wp-content\/uploads\/2021\/07\/logo-facebook-black.svg&#8221; title_text=&#8221;logo-facebook-black&#8221; url=&#8221;https:\/\/www.facebook.com\/warnermusicspain\/&#8221; url_new_window=&#8221;on&#8221; align=&#8221;center&#8221; _builder_version=&#8221;4.9.7&#8243; _module_preset=&#8221;default&#8221; background_color=&#8221;gcid-78489ba4-6c22-4a4e-afe7-4d2ab2a8f935&#8243; background_enable_color=&#8221;off&#8221; transform_scale=&#8221;80%|80%&#8221; width=&#8221;32px&#8221; module_alignment=&#8221;center&#8221; custom_margin=&#8221;18px||||false|false&#8221; global_colors_info=&#8221;{%22gcid-78489ba4-6c22-4a4e-afe7-4d2ab2a8f935%22:%91%22background_color%22%93}&#8221; transform_styles__hover_enabled=&#8221;on|desktop&#8221; transform_scale__hover_enabled=&#8221;on|desktop&#8221; transform_translate__hover_enabled=&#8221;on|desktop&#8221; transform_rotate__hover_enabled=&#8221;on|desktop&#8221; transform_skew__hover_enabled=&#8221;on|desktop&#8221; transform_origin__hover_enabled=&#8221;on|desktop&#8221; width__hover_enabled=&#8221;on|hover&#8221; width__hover=&#8221;36px&#8221;][\/et_pb_image][\/et_pb_column][et_pb_column type=&#8221;1_6&#8243; _builder_version=&#8221;4.9.7&#8243; _module_preset=&#8221;default&#8221;][et_pb_image src=&#8221;https:\/\/www.samimagine.com\/wmbs\/wp-content\/uploads\/2021\/07\/logo-twitter-black.svg&#8221; title_text=&#8221;logo-twitter-black&#8221; url=&#8221;https:\/\/twitter.com\/warnermusices&#8221; url_new_window=&#8221;on&#8221; align=&#8221;center&#8221; _builder_version=&#8221;4.9.7&#8243; _module_preset=&#8221;default&#8221; background_color=&#8221;gcid-78489ba4-6c22-4a4e-afe7-4d2ab2a8f935&#8243; background_enable_color=&#8221;off&#8221; transform_scale=&#8221;80%|80%&#8221; width=&#8221;32px&#8221; module_alignment=&#8221;center&#8221; custom_margin=&#8221;18px||||false|false&#8221; global_colors_info=&#8221;{%22gcid-78489ba4-6c22-4a4e-afe7-4d2ab2a8f935%22:%91%22background_color%22,%22background_color%22,%22background_color%22,%22background_color%22%93}&#8221; transform_styles__hover_enabled=&#8221;on|desktop&#8221; transform_scale__hover_enabled=&#8221;on|desktop&#8221; width__hover=&#8221;36px&#8221; width__hover_enabled=&#8221;on|hover&#8221; transform_translate__hover_enabled=&#8221;on|desktop&#8221; transform_rotate__hover_enabled=&#8221;on|desktop&#8221; transform_skew__hover_enabled=&#8221;on|desktop&#8221; transform_origin__hover_enabled=&#8221;on|desktop&#8221;][\/et_pb_image][\/et_pb_column][et_pb_column type=&#8221;1_6&#8243; _builder_version=&#8221;4.9.7&#8243; _module_preset=&#8221;default&#8221;][et_pb_image src=&#8221;https:\/\/www.samimagine.com\/wmbs\/wp-content\/uploads\/2021\/07\/logo-instagram-black.svg&#8221; title_text=&#8221;logo-instagram-black&#8221; url=&#8221;https:\/\/www.instagram.com\/warnermusicspain\/&#8221; url_new_window=&#8221;on&#8221; align=&#8221;center&#8221; _builder_version=&#8221;4.9.7&#8243; _module_preset=&#8221;default&#8221; background_color=&#8221;gcid-78489ba4-6c22-4a4e-afe7-4d2ab2a8f935&#8243; background_enable_color=&#8221;off&#8221; transform_scale=&#8221;80%|80%&#8221; width=&#8221;32px&#8221; module_alignment=&#8221;center&#8221; custom_margin=&#8221;18px||||false|false&#8221; global_colors_info=&#8221;{%22gcid-78489ba4-6c22-4a4e-afe7-4d2ab2a8f935%22:%91%22background_color%22,%22background_color%22,%22background_color%22,%22background_color%22%93}&#8221; transform_styles__hover_enabled=&#8221;on|desktop&#8221; transform_scale__hover_enabled=&#8221;on|desktop&#8221; width__hover=&#8221;36px&#8221; width__hover_enabled=&#8221;on|hover&#8221; transform_translate__hover_enabled=&#8221;on|desktop&#8221; transform_rotate__hover_enabled=&#8221;on|desktop&#8221; transform_skew__hover_enabled=&#8221;on|desktop&#8221; transform_origin__hover_enabled=&#8221;on|desktop&#8221;][\/et_pb_image][\/et_pb_column][et_pb_column type=&#8221;1_6&#8243; _builder_version=&#8221;4.9.7&#8243; _module_preset=&#8221;default&#8221;][et_pb_image src=&#8221;https:\/\/www.samimagine.com\/wmbs\/wp-content\/uploads\/2021\/07\/logo-youtube-black.svg&#8221; title_text=&#8221;logo-youtube-black&#8221; url=&#8221;https:\/\/www.youtube.com\/user\/warnermusicspain&#8221; url_new_window=&#8221;on&#8221; align=&#8221;center&#8221; _builder_version=&#8221;4.9.7&#8243; _module_preset=&#8221;default&#8221; background_color=&#8221;gcid-78489ba4-6c22-4a4e-afe7-4d2ab2a8f935&#8243; background_enable_color=&#8221;off&#8221; transform_scale=&#8221;80%|80%&#8221; width=&#8221;32px&#8221; module_alignment=&#8221;center&#8221; custom_margin=&#8221;18px||||false|false&#8221; global_colors_info=&#8221;{%22gcid-78489ba4-6c22-4a4e-afe7-4d2ab2a8f935%22:%91%22background_color%22,%22background_color%22,%22background_color%22,%22background_color%22%93}&#8221; transform_styles__hover_enabled=&#8221;on|desktop&#8221; transform_scale__hover_enabled=&#8221;on|desktop&#8221; width__hover=&#8221;36px&#8221; width__hover_enabled=&#8221;on|hover&#8221; transform_translate__hover_enabled=&#8221;on|desktop&#8221; transform_rotate__hover_enabled=&#8221;on|desktop&#8221; transform_skew__hover_enabled=&#8221;on|desktop&#8221; transform_origin__hover_enabled=&#8221;on|desktop&#8221;][\/et_pb_image][\/et_pb_column][et_pb_column type=&#8221;1_6&#8243; _builder_version=&#8221;4.9.7&#8243; _module_preset=&#8221;default&#8221;][et_pb_image src=&#8221;https:\/\/www.samimagine.com\/wmbs\/wp-content\/uploads\/2021\/07\/logo-linkedin-black.svg&#8221; title_text=&#8221;logo-linkedin-black&#8221; url=&#8221;https:\/\/www.linkedin.com\/company\/warner-music-spain\/&#8221; url_new_window=&#8221;on&#8221; align=&#8221;center&#8221; _builder_version=&#8221;4.9.7&#8243; _module_preset=&#8221;default&#8221; background_color=&#8221;gcid-78489ba4-6c22-4a4e-afe7-4d2ab2a8f935&#8243; background_enable_color=&#8221;off&#8221; transform_scale=&#8221;80%|80%&#8221; width=&#8221;32px&#8221; module_alignment=&#8221;center&#8221; custom_margin=&#8221;18px||||false|false&#8221; global_colors_info=&#8221;{%22gcid-78489ba4-6c22-4a4e-afe7-4d2ab2a8f935%22:%91%22background_color%22,%22background_color%22,%22background_color%22,%22background_color%22%93}&#8221; transform_styles__hover_enabled=&#8221;on|desktop&#8221; transform_scale__hover_enabled=&#8221;on|desktop&#8221; width__hover=&#8221;36px&#8221; width__hover_enabled=&#8221;on|hover&#8221; transform_translate__hover_enabled=&#8221;on|desktop&#8221; transform_rotate__hover_enabled=&#8221;on|desktop&#8221; transform_skew__hover_enabled=&#8221;on|desktop&#8221; transform_origin__hover_enabled=&#8221;on|desktop&#8221;][\/et_pb_image][\/et_pb_column][et_pb_column type=&#8221;1_6&#8243; _builder_version=&#8221;4.9.7&#8243; _module_preset=&#8221;default&#8221;][et_pb_image src=&#8221;https:\/\/www.samimagine.com\/wmbs\/wp-content\/uploads\/2021\/07\/logo-spotify-black.svg&#8221; title_text=&#8221;logo-spotify-black&#8221; url=&#8221;https:\/\/open.spotify.com\/user\/mejoreslistasspotify?si=Tqde55oMR2-SzGVszaOuWA&#8221; url_new_window=&#8221;on&#8221; align=&#8221;center&#8221; _builder_version=&#8221;4.9.7&#8243; _module_preset=&#8221;default&#8221; background_color=&#8221;gcid-78489ba4-6c22-4a4e-afe7-4d2ab2a8f935&#8243; background_enable_color=&#8221;off&#8221; transform_scale=&#8221;80%|80%&#8221; width=&#8221;32px&#8221; module_alignment=&#8221;center&#8221; custom_margin=&#8221;18px||||false|false&#8221; global_colors_info=&#8221;{%22gcid-78489ba4-6c22-4a4e-afe7-4d2ab2a8f935%22:%91%22background_color%22,%22background_color%22,%22background_color%22,%22background_color%22%93}&#8221; transform_styles__hover_enabled=&#8221;on|desktop&#8221; transform_scale__hover_enabled=&#8221;on|desktop&#8221; width__hover=&#8221;36px&#8221; width__hover_enabled=&#8221;on|hover&#8221; transform_translate__hover_enabled=&#8221;on|desktop&#8221; transform_rotate__hover_enabled=&#8221;on|desktop&#8221; transform_skew__hover_enabled=&#8221;on|desktop&#8221; transform_origin__hover_enabled=&#8221;on|desktop&#8221;][\/et_pb_image][\/et_pb_column][\/et_pb_row][et_pb_row column_structure=&#8221;1_4,3_4&#8243; _builder_version=&#8221;4.9.7&#8243; _module_preset=&#8221;default&#8221; background_color=&#8221;#000000&#8243; width=&#8221;100%&#8221; max_width=&#8221;100%&#8221; global_colors_info=&#8221;{%22gcid-2e669c38-bc2c-4d0a-8bb5-0ed834acc768%22:%91%93,%22gcid-f53c035a-5ffa-4405-83d4-f4b88e700a3d%22:%91%93}&#8221;][et_pb_column type=&#8221;1_4&#8243; _builder_version=&#8221;4.9.7&#8243; _module_preset=&#8221;default&#8221;][et_pb_image src=&#8221;https:\/\/www.samimagine.com\/wmbs\/wp-content\/uploads\/2021\/07\/logovertical_2.png&#8221; title_text=&#8221;logovertical_2&#8243; _builder_version=&#8221;4.9.7&#8243; _module_preset=&#8221;default&#8221; max_width=&#8221;180px&#8221; custom_margin=&#8221;|||20px|false|false&#8221; filter_saturate=&#8221;0%&#8221; filter_brightness=&#8221;65%&#8221; filter_contrast=&#8221;155%&#8221; filter_invert=&#8221;100%&#8221;][\/et_pb_image][\/et_pb_column][et_pb_column type=&#8221;3_4&#8243; _builder_version=&#8221;4.9.7&#8243; _module_preset=&#8221;default&#8221;][et_pb_text ul_type=&#8221;none&#8221; _builder_version=&#8221;4.9.7&#8243; _module_preset=&#8221;default&#8221; text_text_color=&#8221;gcid-021d966f-c4c5-4f9c-afde-b2476d9cf8db&#8221; text_font_size=&#8221;14px&#8221; ul_line_height=&#8221;1.1em&#8221; custom_margin=&#8221;0px||10px||false|false&#8221; custom_padding=&#8221;0px||||false|false&#8221; global_colors_info=&#8221;{%22gcid-021d966f-c4c5-4f9c-afde-b2476d9cf8db%22:%91%22text_text_color%22%93}&#8221;]<\/p>\n<ul style=\"display: flex; gap: 20px; justify-content: flex-end; padding-right: 20px;\">\n<li><a href=\"https:\/\/www.wminewmedia.com\/privacy\/es\/\" target=\"_blank\" rel=\"noopener\">Pol\u00edtica de privacidad<\/a><\/li>\n<li><a href=\"https:\/\/www.wminewmedia.com\/terms-of-use\/es\/\" target=\"_blank\" rel=\"noopener\">Aviso Legal<\/a><\/li>\n<li><a href=\"https:\/\/www.wminewmedia.com\/cookies-policy\/es\/?ot=3ed20129-3ab3-48ea-ac4b-8ee56292e654&amp;url=www.warnermusic.es\" target=\"_blank\" rel=\"noopener\">Cookies<\/a><\/li>\n<li><a href=\"http:\/\/stage.warnermusic-es-0.nds.acquia-psi.com\/wp-content\/uploads\/2020\/04\/WMS-hojas-de-reclamaciones-2020.docx\" target=\"_blank\" rel=\"noopener\">Hoja de reclamaciones<\/a><\/li>\n<li><a href=\"https:\/\/www.warnermusic.es\/datos\/politicadegrabaciondeconciertos.pdf\" target=\"_blank\" rel=\"noopener\">Pol\u00edtica de grabaci\u00f3n de conciertos<\/a><\/li>\n<li><a href=\"http:\/\/stage.warnermusic-es-0.nds.acquia-psi.com\/wp-content\/uploads\/2020\/04\/WMS-descarga-de-responsabilidad.docx\" target=\"_blank\" rel=\"noopener\">Descarga de responsabilidad<\/a><\/li>\n<\/ul>\n<p>[\/et_pb_text][et_pb_text _builder_version=&#8221;4.9.7&#8243; _module_preset=&#8221;default&#8221; text_text_color=&#8221;gcid-021d966f-c4c5-4f9c-afde-b2476d9cf8db&#8221; text_font_size=&#8221;14px&#8221; text_orientation=&#8221;right&#8221; custom_padding=&#8221;|20px|||false|false&#8221; custom_css_main_element=&#8221;padding-top: 20px;&#8221; border_width_top=&#8221;1px&#8221; border_color_top=&#8221;gcid-021d966f-c4c5-4f9c-afde-b2476d9cf8db&#8221; global_colors_info=&#8221;{%22gcid-021d966f-c4c5-4f9c-afde-b2476d9cf8db%22:%91%22text_text_color%22,%22border_color_top%22%93}&#8221;]<\/p>\n<p>\u00a92021 warnermusic.es . Todos los derechos reservados.<\/p>\n<p>[\/et_pb_text][\/et_pb_column][\/et_pb_row][\/et_pb_section]<\/p>\n","protected":false},"excerpt":{"rendered":"<p>[et_pb_section fb_built=&#8221;1&#8243; admin_label=&#8221;section&#8221; _builder_version=&#8221;4.9.7&#8243; background_enable_color=&#8221;off&#8221; background_image=&#8221;https:\/\/www.samimagine.com\/wmbs\/wp-content\/uploads\/2021\/07\/louis-comar-VXHZx1uzzo8-unsplash-scaled.jpg&#8221; custom_padding=&#8221;120px||411px|||&#8221; filter_hue_rotate=&#8221;159deg&#8221; filter_saturate=&#8221;0%&#8221; transparent_background=&#8221;off&#8221; make_fullwidth=&#8221;off&#8221; use_custom_width=&#8221;off&#8221; width_unit=&#8221;on&#8221;][\/et_pb_section][et_pb_section fb_built=&#8221;1&#8243; admin_label=&#8221;Section&#8221; _builder_version=&#8221;4.9.7&#8243; background_color=&#8221;gcid-021d966f-c4c5-4f9c-afde-b2476d9cf8db&#8221; custom_padding=&#8221;40px||0px||false|false&#8221; custom_css_main_element=&#8221;border-top: 2px solid rgba(12,113,195,0.3);&#8221; transparent_background=&#8221;off&#8221; make_fullwidth=&#8221;off&#8221; use_custom_width=&#8221;off&#8221; width_unit=&#8221;on&#8221; global_colors_info=&#8221;{%22gcid-48136a7a-a33e-46f1-a0ff-e672fb436c9b%22:%91%93,%22gcid-021d966f-c4c5-4f9c-afde-b2476d9cf8db%22:%91%22background_color%22%93}&#8221;][et_pb_row admin_label=&#8221;Row&#8221; _builder_version=&#8221;3.25&#8243; background_size=&#8221;initial&#8221; background_position=&#8221;top_left&#8221; background_repeat=&#8221;repeat&#8221;][et_pb_column type=&#8221;4_4&#8243; _builder_version=&#8221;3.25&#8243; custom_padding=&#8221;|||&#8221; custom_padding__hover=&#8221;|||&#8221;][et_pb_text _builder_version=&#8221;4.9.7&#8243; _module_preset=&#8221;default&#8221; header_font=&#8221;|700|||||||&#8221; header_text_align=&#8221;center&#8221; header_font_size=&#8221;32px&#8221; header_letter_spacing=&#8221;2px&#8221;] TRABAJO DE FIN DE CURSO [\/et_pb_text][\/et_pb_column][\/et_pb_row][et_pb_row _builder_version=&#8221;4.9.7&#8243; _module_preset=&#8221;default&#8221; custom_padding=&#8221;17px|||||&#8221;][et_pb_column type=&#8221;4_4&#8243; _builder_version=&#8221;4.9.7&#8243; _module_preset=&#8221;default&#8221;][et_pb_text _builder_version=&#8221;4.9.7&#8243; [&hellip;]<\/p>\n","protected":false},"author":1,"featured_media":0,"parent":0,"menu_order":0,"comment_status":"closed","ping_status":"closed","template":"","meta":{"_et_pb_use_builder":"on","_et_pb_old_content":"<div class=\"boldgrid-section\"><div class=\"container\"><div class=\"row\"><div class=\"col-md-12 col-xs-12 col-sm-12\"><p>\u00a0<\/p><\/div><\/div><\/div><\/div>","_et_gb_content_width":"","footnotes":""},"class_list":["post-204192","page","type-page","status-publish","hentry"],"_links":{"self":[{"href":"https:\/\/www.samimagine.com\/wmbs\/wp-json\/wp\/v2\/pages\/204192","targetHints":{"allow":["GET"]}}],"collection":[{"href":"https:\/\/www.samimagine.com\/wmbs\/wp-json\/wp\/v2\/pages"}],"about":[{"href":"https:\/\/www.samimagine.com\/wmbs\/wp-json\/wp\/v2\/types\/page"}],"author":[{"embeddable":true,"href":"https:\/\/www.samimagine.com\/wmbs\/wp-json\/wp\/v2\/users\/1"}],"replies":[{"embeddable":true,"href":"https:\/\/www.samimagine.com\/wmbs\/wp-json\/wp\/v2\/comments?post=204192"}],"version-history":[{"count":9,"href":"https:\/\/www.samimagine.com\/wmbs\/wp-json\/wp\/v2\/pages\/204192\/revisions"}],"predecessor-version":[{"id":257994,"href":"https:\/\/www.samimagine.com\/wmbs\/wp-json\/wp\/v2\/pages\/204192\/revisions\/257994"}],"wp:attachment":[{"href":"https:\/\/www.samimagine.com\/wmbs\/wp-json\/wp\/v2\/media?parent=204192"}],"curies":[{"name":"wp","href":"https:\/\/api.w.org\/{rel}","templated":true}]}}