{"id":204206,"date":"2021-07-19T06:53:47","date_gmt":"2021-07-19T06:53:47","guid":{"rendered":"https:\/\/www.samimagine.com\/wmbs\/?page_id=204206"},"modified":"2021-07-29T22:43:42","modified_gmt":"2021-07-29T22:43:42","slug":"admisiones","status":"publish","type":"page","link":"https:\/\/www.samimagine.com\/wmbs\/admisiones\/","title":{"rendered":"ADMISIONES"},"content":{"rendered":"<p>[et_pb_section fb_built=&#8221;1&#8243; admin_label=&#8221;section&#8221; _builder_version=&#8221;4.9.7&#8243; background_color=&#8221;gcid-021d966f-c4c5-4f9c-afde-b2476d9cf8db&#8221; background_image=&#8221;https:\/\/www.samimagine.com\/wmbs\/wp-content\/uploads\/2021\/07\/ADMISIONcharles-deluvio-Lks7vei-eAg-unsplash-scaled.jpg&#8221; custom_padding=&#8221;120px||352px|||&#8221; transparent_background=&#8221;off&#8221; make_fullwidth=&#8221;off&#8221; use_custom_width=&#8221;off&#8221; width_unit=&#8221;on&#8221; global_colors_info=&#8221;{%22gcid-021d966f-c4c5-4f9c-afde-b2476d9cf8db%22:%91%22background_color%22%93}&#8221;][\/et_pb_section][et_pb_section fb_built=&#8221;1&#8243; admin_label=&#8221;Section&#8221; _builder_version=&#8221;4.9.7&#8243; background_color=&#8221;gcid-021d966f-c4c5-4f9c-afde-b2476d9cf8db&#8221; custom_padding=&#8221;40px||40px||true|false&#8221; custom_css_main_element=&#8221;border-top: 2px solid rgba(12,113,195,0.3);&#8221; transparent_background=&#8221;off&#8221; make_fullwidth=&#8221;off&#8221; use_custom_width=&#8221;off&#8221; width_unit=&#8221;on&#8221; global_colors_info=&#8221;{%22gcid-48136a7a-a33e-46f1-a0ff-e672fb436c9b%22:%91%93,%22gcid-021d966f-c4c5-4f9c-afde-b2476d9cf8db%22:%91%22background_color%22%93}&#8221;][et_pb_row admin_label=&#8221;Row&#8221; _builder_version=&#8221;3.25&#8243; background_size=&#8221;initial&#8221; background_position=&#8221;top_left&#8221; background_repeat=&#8221;repeat&#8221; custom_margin=&#8221;-18px|auto||auto||&#8221;][et_pb_column type=&#8221;4_4&#8243; _builder_version=&#8221;3.25&#8243; custom_padding=&#8221;|||&#8221; custom_padding__hover=&#8221;|||&#8221;][et_pb_text _builder_version=&#8221;4.9.7&#8243; _module_preset=&#8221;default&#8221; header_font=&#8221;|700|||||||&#8221; header_text_align=&#8221;center&#8221; header_font_size=&#8221;32px&#8221; header_letter_spacing=&#8221;2px&#8221;]<\/p>\n<h1><span style=\"background-color: #ff8cf5; padding: 5px 30px;\">ACCESO Y ADMISIONES<\/span><\/h1>\n<p>[\/et_pb_text][\/et_pb_column][\/et_pb_row][et_pb_row _builder_version=&#8221;4.9.7&#8243; _module_preset=&#8221;default&#8221;][et_pb_column type=&#8221;4_4&#8243; _builder_version=&#8221;4.9.7&#8243; _module_preset=&#8221;default&#8221;][et_pb_text _builder_version=&#8221;4.9.7&#8243; _module_preset=&#8221;default&#8221; text_font_size=&#8221;16px&#8221; text_line_height=&#8221;1.2em&#8221; header_text_color=&#8221;#FFFFFF&#8221;]<\/p>\n<p class=\"p1\">Podr\u00e1s solicitar tu admisi\u00f3n en el M\u00e1ster a trav\u00e9s de la\u00a0<a href=\"https:\/\/postgrado.ufv.es\/admisiones\"><span class=\"s1\" style=\"background-color: black; padding: 0 4px; margin: 0 4px;\">plataforma de admisi\u00f3n on line<\/span><\/a>.\u00a0La Universidad Francisco de Vitoria fija unos criterios de admisi\u00f3n para cada m\u00e1ster.<\/p>\n<p class=\"p1\">La\u00a0<b>solicitud de admisi\u00f3n<\/b>\u00a0a un programa de Postgrado UFV no implica coste alguno.<\/p>\n<p>[\/et_pb_text][\/et_pb_column][\/et_pb_row][et_pb_row _builder_version=&#8221;4.9.7&#8243; _module_preset=&#8221;default&#8221; background_color=&#8221;gcid-0ddbf9bc-a058-453d-a588-03954feb09aa&#8221; width=&#8221;86.4%&#8221; module_alignment=&#8221;center&#8221; custom_margin=&#8221;|-53px||auto|false|false&#8221; custom_padding=&#8221;||||false|false&#8221; global_colors_info=&#8221;{%22gcid-0ddbf9bc-a058-453d-a588-03954feb09aa%22:%91%22background_color%22%93}&#8221;][et_pb_column type=&#8221;4_4&#8243; _builder_version=&#8221;4.9.7&#8243; _module_preset=&#8221;default&#8221;][et_pb_text _builder_version=&#8221;4.9.7&#8243; _module_preset=&#8221;default&#8221; header_2_font=&#8221;|700|||||||&#8221; header_2_text_align=&#8221;center&#8221; header_2_font_size=&#8221;24px&#8221; header_2_letter_spacing=&#8221;2px&#8221; background_enable_image=&#8221;off&#8221; custom_margin=&#8221;0px|-6px|4px||false|false&#8221; custom_padding=&#8221;0px|||||&#8221;]<\/p>\n<p>[WP-Coder title=&#8221;subtitulo&#8221;]<\/p>\n<h2><span class=\"realistic-marker-highlight\">REQUISITOS DE ADMISI\u00d3N<\/span><\/h2>\n<p>[\/et_pb_text][et_pb_text _builder_version=&#8221;4.9.7&#8243; _module_preset=&#8221;default&#8221; text_font=&#8221;||||||||&#8221; text_font_size=&#8221;16px&#8221; text_line_height=&#8221;1.2em&#8221; header_font=&#8221;||||||||&#8221; header_text_color=&#8221;#000000&#8243; header_letter_spacing=&#8221;1px&#8221; header_line_height=&#8221;1.9em&#8221; background_color=&#8221;RGBA(0,0,0,0)&#8221; text_orientation=&#8221;justified&#8221; module_alignment=&#8221;center&#8221; custom_padding=&#8221;7px|20px|10px|20px|false|true&#8221;]<\/p>\n<p class=\"p1\">La candidatura para acceder a este postgrado deber\u00e1 cumplir al menos uno de los siguientes requisitos:<\/p>\n<ul class=\"ul1\">\n<li class=\"li1\"><span class=\"s1\"><\/span>Haber obtenido una titulaci\u00f3n de grado o licenciatura en una universidad espa\u00f1ola o extranjera y en cualquier disciplina.<\/li>\n<li class=\"li1\"><span class=\"s1\"><\/span>Haber obtenido un t\u00edtulo superior de m\u00fasica.<\/li>\n<li class=\"li1\"><span class=\"s1\"><\/span>Tener una experiencia profesional, como m\u00ednimo de dos a\u00f1os, en la industria de la m\u00fasica o de tres a\u00f1os en alg\u00fan otro sector.<\/li>\n<li class=\"li1\"><span class=\"s1\"><\/span>Tener experiencia como artista o autor\/a. En este caso, el comit\u00e9 de admisi\u00f3n evaluar\u00e1 la experiencia y capacitaci\u00f3n de la candidatura presentada para seguir de la manera m\u00e1s efectiva los contenidos del curso.<\/li>\n<\/ul>\n<p>[\/et_pb_text][\/et_pb_column][\/et_pb_row][et_pb_row column_structure=&#8221;1_2,1_2&#8243; _builder_version=&#8221;4.9.7&#8243; _module_preset=&#8221;default&#8221; background_color=&#8221;gcid-0ddbf9bc-a058-453d-a588-03954feb09aa&#8221; width=&#8221;86.4%&#8221; module_alignment=&#8221;center&#8221; custom_margin=&#8221;20px|-53px||auto|false|false&#8221; custom_padding=&#8221;||||false|false&#8221; global_colors_info=&#8221;{%22gcid-0ddbf9bc-a058-453d-a588-03954feb09aa%22:%91%22background_color%22%93}&#8221;][et_pb_column type=&#8221;1_2&#8243; _builder_version=&#8221;4.9.7&#8243; _module_preset=&#8221;default&#8221;][et_pb_image src=&#8221;https:\/\/www.samimagine.com\/wmbs\/wp-content\/uploads\/2021\/07\/redd-5U_28ojjgms-unsplash-scaled.jpg&#8221; title_text=&#8221;redd-5U_28ojjgms-unsplash&#8221; _builder_version=&#8221;4.9.7&#8243; _module_preset=&#8221;default&#8221; custom_margin=&#8221;|||-50px|false|false&#8221; custom_margin_tablet=&#8221;&#8221; custom_margin_phone=&#8221;&#8221; custom_margin_last_edited=&#8221;on|desktop&#8221; filter_saturate=&#8221;0%&#8221; animation_style=&#8221;slide&#8221; animation_direction=&#8221;left&#8221;][\/et_pb_image][\/et_pb_column][et_pb_column type=&#8221;1_2&#8243; _builder_version=&#8221;4.9.7&#8243; _module_preset=&#8221;default&#8221;][et_pb_text _builder_version=&#8221;4.9.7&#8243; _module_preset=&#8221;default&#8221; header_2_font=&#8221;|700|||||||&#8221; header_2_text_align=&#8221;center&#8221; header_2_font_size=&#8221;30px&#8221; header_2_letter_spacing=&#8221;2px&#8221; background_enable_image=&#8221;off&#8221; custom_margin=&#8221;0px|-6px|4px||false|false&#8221; custom_padding=&#8221;0px|||||&#8221;]<\/p>\n<h2><span class=\"realistic-marker-highlight\">INGL\u00c9S:<\/span><\/h2>\n<p>[\/et_pb_text][et_pb_text _builder_version=&#8221;4.9.7&#8243; _module_preset=&#8221;default&#8221; text_font=&#8221;||||||||&#8221; text_font_size=&#8221;16px&#8221; text_line_height=&#8221;1.2em&#8221; header_font=&#8221;||||||||&#8221; header_text_color=&#8221;#000000&#8243; header_letter_spacing=&#8221;1px&#8221; header_line_height=&#8221;1.9em&#8221; background_color=&#8221;RGBA(0,0,0,0)&#8221; text_orientation=&#8221;justified&#8221; module_alignment=&#8221;center&#8221; custom_padding=&#8221;7px|20px|10px|20px|false|true&#8221;]<\/p>\n<p class=\"p1\" style=\"text-align: left;\">El perfil candidato deber\u00e1 contar con un buen nivel de ingl\u00e9s (B2 m\u00ednimo) y espa\u00f1ol. El curso se impartir\u00e1 en espa\u00f1ol, siendo posible que alguna masterclass sea impartida en ingl\u00e9s. Excepcionalmente, si el perfil no contara con un nivel alto de ingl\u00e9s, el comit\u00e9 de admisi\u00f3n podr\u00e1 determinar su admisi\u00f3n, pero deber\u00e1 saber que para progresar dentro de la industria discogr\u00e1fica un buen nivel le resultar\u00e1 imprescindible.<\/p>\n<p>[\/et_pb_text][\/et_pb_column][\/et_pb_row][\/et_pb_section][et_pb_section fb_built=&#8221;1&#8243; _builder_version=&#8221;4.9.7&#8243; _module_preset=&#8221;default&#8221; custom_margin=&#8221;0px||0px||false|false&#8221; custom_padding=&#8221;0px||0px||false|false&#8221; global_module=&#8221;204682&#8243;][et_pb_row column_structure=&#8221;1_6,1_6,1_6,1_6,1_6,1_6&#8243; _builder_version=&#8221;4.9.7&#8243; _module_preset=&#8221;default&#8221; background_color=&#8221;gcid-0ddbf9bc-a058-453d-a588-03954feb09aa&#8221; width=&#8221;100%&#8221; max_width=&#8221;100%&#8221; height=&#8221;66px&#8221; max_height=&#8221;100px&#8221; custom_margin=&#8221;0px||0px||false|false&#8221; custom_padding=&#8221;0px||0px||false|false&#8221; global_colors_info=&#8221;{%22gcid-78489ba4-6c22-4a4e-afe7-4d2ab2a8f935%22:%91%93,%22gcid-0ddbf9bc-a058-453d-a588-03954feb09aa%22:%91%22background_color%22%93}&#8221;][et_pb_column type=&#8221;1_6&#8243; _builder_version=&#8221;4.9.7&#8243; _module_preset=&#8221;default&#8221;][et_pb_image src=&#8221;https:\/\/www.samimagine.com\/wmbs\/wp-content\/uploads\/2021\/07\/logo-facebook-black.svg&#8221; title_text=&#8221;logo-facebook-black&#8221; url=&#8221;https:\/\/www.facebook.com\/warnermusicspain\/&#8221; url_new_window=&#8221;on&#8221; align=&#8221;center&#8221; _builder_version=&#8221;4.9.7&#8243; _module_preset=&#8221;default&#8221; background_color=&#8221;gcid-78489ba4-6c22-4a4e-afe7-4d2ab2a8f935&#8243; background_enable_color=&#8221;off&#8221; transform_scale=&#8221;80%|80%&#8221; width=&#8221;32px&#8221; module_alignment=&#8221;center&#8221; custom_margin=&#8221;18px||||false|false&#8221; global_colors_info=&#8221;{%22gcid-78489ba4-6c22-4a4e-afe7-4d2ab2a8f935%22:%91%22background_color%22%93}&#8221; transform_styles__hover_enabled=&#8221;on|desktop&#8221; transform_scale__hover_enabled=&#8221;on|desktop&#8221; transform_translate__hover_enabled=&#8221;on|desktop&#8221; transform_rotate__hover_enabled=&#8221;on|desktop&#8221; transform_skew__hover_enabled=&#8221;on|desktop&#8221; transform_origin__hover_enabled=&#8221;on|desktop&#8221; width__hover_enabled=&#8221;on|hover&#8221; width__hover=&#8221;36px&#8221;][\/et_pb_image][\/et_pb_column][et_pb_column type=&#8221;1_6&#8243; _builder_version=&#8221;4.9.7&#8243; _module_preset=&#8221;default&#8221;][et_pb_image src=&#8221;https:\/\/www.samimagine.com\/wmbs\/wp-content\/uploads\/2021\/07\/logo-twitter-black.svg&#8221; title_text=&#8221;logo-twitter-black&#8221; url=&#8221;https:\/\/twitter.com\/warnermusices&#8221; url_new_window=&#8221;on&#8221; align=&#8221;center&#8221; _builder_version=&#8221;4.9.7&#8243; _module_preset=&#8221;default&#8221; background_color=&#8221;gcid-78489ba4-6c22-4a4e-afe7-4d2ab2a8f935&#8243; background_enable_color=&#8221;off&#8221; transform_scale=&#8221;80%|80%&#8221; width=&#8221;32px&#8221; module_alignment=&#8221;center&#8221; custom_margin=&#8221;18px||||false|false&#8221; global_colors_info=&#8221;{%22gcid-78489ba4-6c22-4a4e-afe7-4d2ab2a8f935%22:%91%22background_color%22,%22background_color%22,%22background_color%22,%22background_color%22%93}&#8221; transform_styles__hover_enabled=&#8221;on|desktop&#8221; transform_scale__hover_enabled=&#8221;on|desktop&#8221; width__hover=&#8221;36px&#8221; width__hover_enabled=&#8221;on|hover&#8221; transform_translate__hover_enabled=&#8221;on|desktop&#8221; transform_rotate__hover_enabled=&#8221;on|desktop&#8221; transform_skew__hover_enabled=&#8221;on|desktop&#8221; transform_origin__hover_enabled=&#8221;on|desktop&#8221;][\/et_pb_image][\/et_pb_column][et_pb_column type=&#8221;1_6&#8243; _builder_version=&#8221;4.9.7&#8243; _module_preset=&#8221;default&#8221;][et_pb_image src=&#8221;https:\/\/www.samimagine.com\/wmbs\/wp-content\/uploads\/2021\/07\/logo-instagram-black.svg&#8221; title_text=&#8221;logo-instagram-black&#8221; url=&#8221;https:\/\/www.instagram.com\/warnermusicspain\/&#8221; url_new_window=&#8221;on&#8221; align=&#8221;center&#8221; _builder_version=&#8221;4.9.7&#8243; _module_preset=&#8221;default&#8221; background_color=&#8221;gcid-78489ba4-6c22-4a4e-afe7-4d2ab2a8f935&#8243; background_enable_color=&#8221;off&#8221; transform_scale=&#8221;80%|80%&#8221; width=&#8221;32px&#8221; module_alignment=&#8221;center&#8221; custom_margin=&#8221;18px||||false|false&#8221; global_colors_info=&#8221;{%22gcid-78489ba4-6c22-4a4e-afe7-4d2ab2a8f935%22:%91%22background_color%22,%22background_color%22,%22background_color%22,%22background_color%22%93}&#8221; transform_styles__hover_enabled=&#8221;on|desktop&#8221; transform_scale__hover_enabled=&#8221;on|desktop&#8221; width__hover=&#8221;36px&#8221; width__hover_enabled=&#8221;on|hover&#8221; transform_translate__hover_enabled=&#8221;on|desktop&#8221; transform_rotate__hover_enabled=&#8221;on|desktop&#8221; transform_skew__hover_enabled=&#8221;on|desktop&#8221; transform_origin__hover_enabled=&#8221;on|desktop&#8221;][\/et_pb_image][\/et_pb_column][et_pb_column type=&#8221;1_6&#8243; _builder_version=&#8221;4.9.7&#8243; _module_preset=&#8221;default&#8221;][et_pb_image src=&#8221;https:\/\/www.samimagine.com\/wmbs\/wp-content\/uploads\/2021\/07\/logo-youtube-black.svg&#8221; title_text=&#8221;logo-youtube-black&#8221; url=&#8221;https:\/\/www.youtube.com\/user\/warnermusicspain&#8221; url_new_window=&#8221;on&#8221; align=&#8221;center&#8221; _builder_version=&#8221;4.9.7&#8243; _module_preset=&#8221;default&#8221; background_color=&#8221;gcid-78489ba4-6c22-4a4e-afe7-4d2ab2a8f935&#8243; background_enable_color=&#8221;off&#8221; transform_scale=&#8221;80%|80%&#8221; width=&#8221;32px&#8221; module_alignment=&#8221;center&#8221; custom_margin=&#8221;18px||||false|false&#8221; global_colors_info=&#8221;{%22gcid-78489ba4-6c22-4a4e-afe7-4d2ab2a8f935%22:%91%22background_color%22,%22background_color%22,%22background_color%22,%22background_color%22%93}&#8221; transform_styles__hover_enabled=&#8221;on|desktop&#8221; transform_scale__hover_enabled=&#8221;on|desktop&#8221; width__hover=&#8221;36px&#8221; width__hover_enabled=&#8221;on|hover&#8221; transform_translate__hover_enabled=&#8221;on|desktop&#8221; transform_rotate__hover_enabled=&#8221;on|desktop&#8221; transform_skew__hover_enabled=&#8221;on|desktop&#8221; transform_origin__hover_enabled=&#8221;on|desktop&#8221;][\/et_pb_image][\/et_pb_column][et_pb_column type=&#8221;1_6&#8243; _builder_version=&#8221;4.9.7&#8243; _module_preset=&#8221;default&#8221;][et_pb_image src=&#8221;https:\/\/www.samimagine.com\/wmbs\/wp-content\/uploads\/2021\/07\/logo-linkedin-black.svg&#8221; title_text=&#8221;logo-linkedin-black&#8221; url=&#8221;https:\/\/www.linkedin.com\/company\/warner-music-spain\/&#8221; url_new_window=&#8221;on&#8221; align=&#8221;center&#8221; _builder_version=&#8221;4.9.7&#8243; _module_preset=&#8221;default&#8221; background_color=&#8221;gcid-78489ba4-6c22-4a4e-afe7-4d2ab2a8f935&#8243; background_enable_color=&#8221;off&#8221; transform_scale=&#8221;80%|80%&#8221; width=&#8221;32px&#8221; module_alignment=&#8221;center&#8221; custom_margin=&#8221;18px||||false|false&#8221; global_colors_info=&#8221;{%22gcid-78489ba4-6c22-4a4e-afe7-4d2ab2a8f935%22:%91%22background_color%22,%22background_color%22,%22background_color%22,%22background_color%22%93}&#8221; transform_styles__hover_enabled=&#8221;on|desktop&#8221; transform_scale__hover_enabled=&#8221;on|desktop&#8221; width__hover=&#8221;36px&#8221; width__hover_enabled=&#8221;on|hover&#8221; transform_translate__hover_enabled=&#8221;on|desktop&#8221; transform_rotate__hover_enabled=&#8221;on|desktop&#8221; transform_skew__hover_enabled=&#8221;on|desktop&#8221; transform_origin__hover_enabled=&#8221;on|desktop&#8221;][\/et_pb_image][\/et_pb_column][et_pb_column type=&#8221;1_6&#8243; _builder_version=&#8221;4.9.7&#8243; _module_preset=&#8221;default&#8221;][et_pb_image src=&#8221;https:\/\/www.samimagine.com\/wmbs\/wp-content\/uploads\/2021\/07\/logo-spotify-black.svg&#8221; title_text=&#8221;logo-spotify-black&#8221; url=&#8221;https:\/\/open.spotify.com\/user\/mejoreslistasspotify?si=Tqde55oMR2-SzGVszaOuWA&#8221; url_new_window=&#8221;on&#8221; align=&#8221;center&#8221; _builder_version=&#8221;4.9.7&#8243; _module_preset=&#8221;default&#8221; background_color=&#8221;gcid-78489ba4-6c22-4a4e-afe7-4d2ab2a8f935&#8243; background_enable_color=&#8221;off&#8221; transform_scale=&#8221;80%|80%&#8221; width=&#8221;32px&#8221; module_alignment=&#8221;center&#8221; custom_margin=&#8221;18px||||false|false&#8221; global_colors_info=&#8221;{%22gcid-78489ba4-6c22-4a4e-afe7-4d2ab2a8f935%22:%91%22background_color%22,%22background_color%22,%22background_color%22,%22background_color%22%93}&#8221; transform_styles__hover_enabled=&#8221;on|desktop&#8221; transform_scale__hover_enabled=&#8221;on|desktop&#8221; width__hover=&#8221;36px&#8221; width__hover_enabled=&#8221;on|hover&#8221; transform_translate__hover_enabled=&#8221;on|desktop&#8221; transform_rotate__hover_enabled=&#8221;on|desktop&#8221; transform_skew__hover_enabled=&#8221;on|desktop&#8221; transform_origin__hover_enabled=&#8221;on|desktop&#8221;][\/et_pb_image][\/et_pb_column][\/et_pb_row][et_pb_row column_structure=&#8221;1_4,3_4&#8243; _builder_version=&#8221;4.9.7&#8243; _module_preset=&#8221;default&#8221; background_color=&#8221;gcid-2e669c38-bc2c-4d0a-8bb5-0ed834acc768&#8243; width=&#8221;100%&#8221; max_width=&#8221;100%&#8221; global_colors_info=&#8221;{%22gcid-2e669c38-bc2c-4d0a-8bb5-0ed834acc768%22:%91%22background_color%22%93}&#8221;][et_pb_column type=&#8221;1_4&#8243; _builder_version=&#8221;4.9.7&#8243; _module_preset=&#8221;default&#8221;][et_pb_image src=&#8221;https:\/\/www.samimagine.com\/wmbs\/wp-content\/uploads\/2021\/07\/logovertical_2.png&#8221; title_text=&#8221;logovertical_2&#8243; _builder_version=&#8221;4.9.7&#8243; _module_preset=&#8221;default&#8221; max_width=&#8221;200px&#8221; custom_margin=&#8221;|||20px|false|false&#8221; filter_saturate=&#8221;0%&#8221; filter_brightness=&#8221;65%&#8221; filter_contrast=&#8221;155%&#8221; filter_invert=&#8221;100%&#8221;][\/et_pb_image][\/et_pb_column][et_pb_column type=&#8221;3_4&#8243; _builder_version=&#8221;4.9.7&#8243; _module_preset=&#8221;default&#8221;][et_pb_text ul_type=&#8221;none&#8221; _builder_version=&#8221;4.9.7&#8243; _module_preset=&#8221;default&#8221; text_text_color=&#8221;gcid-021d966f-c4c5-4f9c-afde-b2476d9cf8db&#8221; text_font_size=&#8221;14px&#8221; ul_line_height=&#8221;1.1em&#8221; custom_margin=&#8221;0px||10px||false|false&#8221; custom_padding=&#8221;0px||||false|false&#8221; global_colors_info=&#8221;{%22gcid-021d966f-c4c5-4f9c-afde-b2476d9cf8db%22:%91%22text_text_color%22%93}&#8221;]<\/p>\n<ul style=\"display: flex; gap: 20px; justify-content: flex-end; padding-right: 20px;\">\n<li><a href=\"https:\/\/www.wminewmedia.com\/privacy\/es\/\" target=\"_blank\" rel=\"noopener\">Pol\u00edtica de privacidad<\/a><\/li>\n<li><a href=\"https:\/\/www.wminewmedia.com\/terms-of-use\/es\/\" target=\"_blank\" rel=\"noopener\">Aviso Legal<\/a><\/li>\n<li><a href=\"https:\/\/www.wminewmedia.com\/cookies-policy\/es\/?ot=3ed20129-3ab3-48ea-ac4b-8ee56292e654&amp;url=www.warnermusic.es\" target=\"_blank\" rel=\"noopener\">Cookies<\/a><\/li>\n<li><a href=\"http:\/\/stage.warnermusic-es-0.nds.acquia-psi.com\/wp-content\/uploads\/2020\/04\/WMS-hojas-de-reclamaciones-2020.docx\" target=\"_blank\" rel=\"noopener\">Hoja de reclamaciones<\/a><\/li>\n<li><a href=\"https:\/\/www.warnermusic.es\/datos\/politicadegrabaciondeconciertos.pdf\" target=\"_blank\" rel=\"noopener\">Pol\u00edtica de grabaci\u00f3n de conciertos<\/a><\/li>\n<li><a href=\"http:\/\/stage.warnermusic-es-0.nds.acquia-psi.com\/wp-content\/uploads\/2020\/04\/WMS-descarga-de-responsabilidad.docx\" target=\"_blank\" rel=\"noopener\">Descarga de responsabilidad<\/a><\/li>\n<\/ul>\n<p>[\/et_pb_text][et_pb_text _builder_version=&#8221;4.9.7&#8243; _module_preset=&#8221;default&#8221; text_text_color=&#8221;gcid-021d966f-c4c5-4f9c-afde-b2476d9cf8db&#8221; text_font_size=&#8221;14px&#8221; text_orientation=&#8221;right&#8221; custom_padding=&#8221;|20px|||false|false&#8221; custom_css_main_element=&#8221;padding-top: 20px;&#8221; border_width_top=&#8221;1px&#8221; border_color_top=&#8221;gcid-021d966f-c4c5-4f9c-afde-b2476d9cf8db&#8221; global_colors_info=&#8221;{%22gcid-021d966f-c4c5-4f9c-afde-b2476d9cf8db%22:%91%22text_text_color%22,%22border_color_top%22%93}&#8221;]<\/p>\n<p>\u00a92021 warnermusic.es . Todos los derechos reservados.<\/p>\n<p>[\/et_pb_text][\/et_pb_column][\/et_pb_row][\/et_pb_section]<\/p>\n","protected":false},"excerpt":{"rendered":"<p>[et_pb_section fb_built=&#8221;1&#8243; admin_label=&#8221;section&#8221; _builder_version=&#8221;4.9.7&#8243; background_color=&#8221;gcid-021d966f-c4c5-4f9c-afde-b2476d9cf8db&#8221; background_image=&#8221;https:\/\/www.samimagine.com\/wmbs\/wp-content\/uploads\/2021\/07\/ADMISIONcharles-deluvio-Lks7vei-eAg-unsplash-scaled.jpg&#8221; custom_padding=&#8221;120px||352px|||&#8221; transparent_background=&#8221;off&#8221; make_fullwidth=&#8221;off&#8221; use_custom_width=&#8221;off&#8221; width_unit=&#8221;on&#8221; global_colors_info=&#8221;{%22gcid-021d966f-c4c5-4f9c-afde-b2476d9cf8db%22:%91%22background_color%22%93}&#8221;][\/et_pb_section][et_pb_section fb_built=&#8221;1&#8243; admin_label=&#8221;Section&#8221; _builder_version=&#8221;4.9.7&#8243; background_color=&#8221;gcid-021d966f-c4c5-4f9c-afde-b2476d9cf8db&#8221; custom_padding=&#8221;40px||40px||true|false&#8221; custom_css_main_element=&#8221;border-top: 2px solid rgba(12,113,195,0.3);&#8221; transparent_background=&#8221;off&#8221; make_fullwidth=&#8221;off&#8221; use_custom_width=&#8221;off&#8221; width_unit=&#8221;on&#8221; global_colors_info=&#8221;{%22gcid-48136a7a-a33e-46f1-a0ff-e672fb436c9b%22:%91%93,%22gcid-021d966f-c4c5-4f9c-afde-b2476d9cf8db%22:%91%22background_color%22%93}&#8221;][et_pb_row admin_label=&#8221;Row&#8221; _builder_version=&#8221;3.25&#8243; background_size=&#8221;initial&#8221; background_position=&#8221;top_left&#8221; background_repeat=&#8221;repeat&#8221; custom_margin=&#8221;-18px|auto||auto||&#8221;][et_pb_column type=&#8221;4_4&#8243; _builder_version=&#8221;3.25&#8243; custom_padding=&#8221;|||&#8221; custom_padding__hover=&#8221;|||&#8221;][et_pb_text _builder_version=&#8221;4.9.7&#8243; _module_preset=&#8221;default&#8221; header_font=&#8221;|700|||||||&#8221; header_text_align=&#8221;center&#8221; header_font_size=&#8221;32px&#8221; header_letter_spacing=&#8221;2px&#8221;] ACCESO Y ADMISIONES [\/et_pb_text][\/et_pb_column][\/et_pb_row][et_pb_row _builder_version=&#8221;4.9.7&#8243; _module_preset=&#8221;default&#8221;][et_pb_column type=&#8221;4_4&#8243; _builder_version=&#8221;4.9.7&#8243; _module_preset=&#8221;default&#8221;][et_pb_text _builder_version=&#8221;4.9.7&#8243; _module_preset=&#8221;default&#8221; text_font_size=&#8221;16px&#8221; text_line_height=&#8221;1.2em&#8221; [&hellip;]<\/p>\n","protected":false},"author":1,"featured_media":0,"parent":0,"menu_order":0,"comment_status":"closed","ping_status":"closed","template":"","meta":{"_et_pb_use_builder":"on","_et_pb_old_content":"<div class=\"boldgrid-section\">\n<div class=\"container\">\n<div class=\"row\">\n<div class=\"col-md-12 col-xs-12 col-sm-12\">\n\nADMIS\n\n<\/div>\n<\/div>\n<\/div>\n<\/div>","_et_gb_content_width":"","footnotes":""},"class_list":["post-204206","page","type-page","status-publish","hentry"],"_links":{"self":[{"href":"https:\/\/www.samimagine.com\/wmbs\/wp-json\/wp\/v2\/pages\/204206","targetHints":{"allow":["GET"]}}],"collection":[{"href":"https:\/\/www.samimagine.com\/wmbs\/wp-json\/wp\/v2\/pages"}],"about":[{"href":"https:\/\/www.samimagine.com\/wmbs\/wp-json\/wp\/v2\/types\/page"}],"author":[{"embeddable":true,"href":"https:\/\/www.samimagine.com\/wmbs\/wp-json\/wp\/v2\/users\/1"}],"replies":[{"embeddable":true,"href":"https:\/\/www.samimagine.com\/wmbs\/wp-json\/wp\/v2\/comments?post=204206"}],"version-history":[{"count":10,"href":"https:\/\/www.samimagine.com\/wmbs\/wp-json\/wp\/v2\/pages\/204206\/revisions"}],"predecessor-version":[{"id":204692,"href":"https:\/\/www.samimagine.com\/wmbs\/wp-json\/wp\/v2\/pages\/204206\/revisions\/204692"}],"wp:attachment":[{"href":"https:\/\/www.samimagine.com\/wmbs\/wp-json\/wp\/v2\/media?parent=204206"}],"curies":[{"name":"wp","href":"https:\/\/api.w.org\/{rel}","templated":true}]}}